{"id":23,"date":"2015-01-13T15:41:38","date_gmt":"2015-01-13T15:41:38","guid":{"rendered":"https:\/\/fachjan.fidev.nl\/fachjan\/?page_id=23"},"modified":"2025-11-06T11:27:34","modified_gmt":"2025-11-06T11:27:34","slug":"day-trade","status":"publish","type":"page","link":"https:\/\/fachjan.fidev.nl\/DE\/day-trade\/","title":{"rendered":"Tageshandel"},"content":{"rendered":"<p>Ein \u00fcppiger Vorrat an gro\u00dfen Gr\u00fcnpflanzen, die Sie in jeder gew\u00fcnschten Anzahl bestellen k\u00f6nnen, sogar st\u00fcckweise. Gro\u00dfe Auswahl, sodass oft nur ein Besuch bei Fachjan reicht. One-Stop-Shopping und just-in-time ausgeliefert. Das ist \u00e4u\u00dferst bequem und h\u00e4lt die Transportkosten niedrig. Exporteure, Gartenzentren, Baum\u00e4rkte und andere Wiederverk\u00e4ufer geben ihre digitalen Auftr\u00e4ge \u00fcber <a href=\"http:\/\/www.floraxchange.nl\" target=\"_blank\" rel=\"noopener noreferrer\">FloraXchange<\/a>\u00a0und <a href=\"http:\/\/www.plantconnect.nl\" target=\"_blank\" rel=\"noopener noreferrer\">Plantconnect<\/a> ein oder nehmen telefonisch Kontakt mit unserer Day Trade-Spezialabteilung auf. Vor 11.30 Uhr bestellt, bedeutet um 12.00 Uhr im Lkw. Selbstabholung oder Abholung durch die eigene Spedition ist ebenfalls m\u00f6glich.<\/p>","protected":false},"excerpt":{"rendered":"<p>Ein \u00fcppiger Vorrat an gro\u00dfen Gr\u00fcnpflanzen, die Sie in jeder gew\u00fcnschten Anzahl bestellen k\u00f6nnen, sogar st\u00fcckweise. Gro\u00dfe Auswahl, sodass oft nur ein Besuch bei Fachjan reicht. One-Stop-Shopping und just-in-time ausgeliefert. Das ist \u00e4u\u00dferst bequem und h\u00e4lt die Transportkosten niedrig. Exporteure, Gartenzentren, Baum\u00e4rkte und andere Wiederverk\u00e4ufer geben ihre digitalen Auftr\u00e4ge \u00fcber FloraXchange\u00a0und Plantconnect ein oder nehmen [&hellip;]<\/p>\n","protected":false},"author":529441,"featured_media":9547,"parent":0,"menu_order":0,"comment_status":"open","ping_status":"closed","template":"page-templates\/template_day_trade.php","meta":{"footnotes":""},"class_list":["post-23","page","type-page","status-publish","has-post-thumbnail","hentry"],"_links":{"self":[{"href":"https:\/\/fachjan.fidev.nl\/DE\/wp-json\/wp\/v2\/pages\/23","targetHints":{"allow":["GET"]}}],"collection":[{"href":"https:\/\/fachjan.fidev.nl\/DE\/wp-json\/wp\/v2\/pages"}],"about":[{"href":"https:\/\/fachjan.fidev.nl\/DE\/wp-json\/wp\/v2\/types\/page"}],"author":[{"embeddable":true,"href":"https:\/\/fachjan.fidev.nl\/DE\/wp-json\/wp\/v2\/users\/529441"}],"replies":[{"embeddable":true,"href":"https:\/\/fachjan.fidev.nl\/DE\/wp-json\/wp\/v2\/comments?post=23"}],"version-history":[{"count":28,"href":"https:\/\/fachjan.fidev.nl\/DE\/wp-json\/wp\/v2\/pages\/23\/revisions"}],"predecessor-version":[{"id":8801,"href":"https:\/\/fachjan.fidev.nl\/DE\/wp-json\/wp\/v2\/pages\/23\/revisions\/8801"}],"wp:featuredmedia":[{"embeddable":true,"href":"https:\/\/fachjan.fidev.nl\/DE\/wp-json\/wp\/v2\/media\/9547"}],"wp:attachment":[{"href":"https:\/\/fachjan.fidev.nl\/DE\/wp-json\/wp\/v2\/media?parent=23"}],"curies":[{"name":"wp","href":"https:\/\/api.w.org\/{rel}","templated":true}]}}