{"id":25,"date":"2015-01-13T15:42:18","date_gmt":"2015-01-13T15:42:18","guid":{"rendered":"https:\/\/fachjan.fidev.nl\/fachjan\/?page_id=25"},"modified":"2025-11-06T11:29:49","modified_gmt":"2025-11-06T11:29:49","slug":"interior-planting","status":"publish","type":"page","link":"https:\/\/fachjan.fidev.nl\/DE\/interior-planting\/","title":{"rendered":"INNENRAUMBEGR\u00dcNUNG"},"content":{"rendered":"<p>Ihre Kunden erwarten von Ihnen ein Gesamtprodukt. Deshalb bieten wir Ihnen unsererseits ein Gesamtprogramm an Pflanzen, T\u00f6pfen, Zubeh\u00f6r, wie Substrat und Wasserstandanzeiger und sogar einen Pflanzservice. Weil wir Pflanzen in Substratsystemen liefern, entsteht ein preistechnisch sehr interessantes Produkt, das die n\u00f6tige Flexibilit\u00e4t bei der Pflege bietet. Au\u00dferdem sind Sie mit Ihrem Auftraggeber herzlich willkommen in unserem Betrieb, wo Sie einer unserer Pflanzenexperten auf Wunsch bei der Auswahl der Begr\u00fcnung ber\u00e4t. So entf\u00e4llt die Vorratshaltung f\u00fcr Sie und Sie k\u00f6nnen Ihre Liquidit\u00e4t optimal einsetzen. Gleichzeitig sorgen wir daf\u00fcr, dass die Logistik absolut reibungslos verl\u00e4uft. Auf Wunsch inklusive Gef\u00e4\u00df und bereits fertig eingepflanzt &#8211; ein nicht zu untersch\u00e4tzender Mehrwert, der Ihren Umsatz und Ihre Marge erheblich steigern kann.<\/p>","protected":false},"excerpt":{"rendered":"<p>Ihre Kunden erwarten von Ihnen ein Gesamtprodukt. Deshalb bieten wir Ihnen unsererseits ein Gesamtprogramm an Pflanzen, T\u00f6pfen, Zubeh\u00f6r, wie Substrat und Wasserstandanzeiger und sogar einen Pflanzservice. Weil wir Pflanzen in Substratsystemen liefern, entsteht ein preistechnisch sehr interessantes Produkt, das die n\u00f6tige Flexibilit\u00e4t bei der Pflege bietet. Au\u00dferdem sind Sie mit Ihrem Auftraggeber herzlich willkommen in [&hellip;]<\/p>\n","protected":false},"author":529441,"featured_media":9545,"parent":0,"menu_order":0,"comment_status":"open","ping_status":"closed","template":"page-templates\/template_itr_planing.php","meta":{"footnotes":""},"class_list":["post-25","page","type-page","status-publish","has-post-thumbnail","hentry"],"_links":{"self":[{"href":"https:\/\/fachjan.fidev.nl\/DE\/wp-json\/wp\/v2\/pages\/25","targetHints":{"allow":["GET"]}}],"collection":[{"href":"https:\/\/fachjan.fidev.nl\/DE\/wp-json\/wp\/v2\/pages"}],"about":[{"href":"https:\/\/fachjan.fidev.nl\/DE\/wp-json\/wp\/v2\/types\/page"}],"author":[{"embeddable":true,"href":"https:\/\/fachjan.fidev.nl\/DE\/wp-json\/wp\/v2\/users\/529441"}],"replies":[{"embeddable":true,"href":"https:\/\/fachjan.fidev.nl\/DE\/wp-json\/wp\/v2\/comments?post=25"}],"version-history":[{"count":19,"href":"https:\/\/fachjan.fidev.nl\/DE\/wp-json\/wp\/v2\/pages\/25\/revisions"}],"predecessor-version":[{"id":5325,"href":"https:\/\/fachjan.fidev.nl\/DE\/wp-json\/wp\/v2\/pages\/25\/revisions\/5325"}],"wp:featuredmedia":[{"embeddable":true,"href":"https:\/\/fachjan.fidev.nl\/DE\/wp-json\/wp\/v2\/media\/9545"}],"wp:attachment":[{"href":"https:\/\/fachjan.fidev.nl\/DE\/wp-json\/wp\/v2\/media?parent=25"}],"curies":[{"name":"wp","href":"https:\/\/api.w.org\/{rel}","templated":true}]}}