{"id":27,"date":"2015-01-13T15:42:49","date_gmt":"2015-01-13T15:42:49","guid":{"rendered":"https:\/\/fachjan.fidev.nl\/fachjan\/?page_id=27"},"modified":"2025-11-06T11:32:27","modified_gmt":"2025-11-06T11:32:27","slug":"project-planting","status":"publish","type":"page","link":"https:\/\/fachjan.fidev.nl\/DE\/project-planting\/","title":{"rendered":"PROJEKTBEGR\u00dcNUNG"},"content":{"rendered":"<p>Von der ersten Projektbesprechung bis zur Realisierung: vertrauen Sie auch bei komplexen Begr\u00fcnungsprojekten u. a. in Tierparks, Aquaparks und B\u00fcros auf den Sachverstand und das Engagement von Fachjan. Wir arbeiten mit den besten Spezialisten im Haus und in unserem Netzwerk, damit jedes Projekt reibungslos verl\u00e4uft, bei der Durchf\u00fchrung des Gesamtplans und insbesondere w\u00e4hrend der darauf folgenden Nutzungsdauer. Die Basis daf\u00fcr ergibt sich aus einer optimalen Abstimmung mit allen beteiligten Parteien, erbetener oder freier Beratung und einem scharfen Blick f\u00fcr pflanzenbezogene Aspekte wie Beleuchtung und Bew\u00e4sserung, sowie der transparenten Projektplanung, die aufgrund der oft langen Vorbereitungszeit von ein bis zwei Jahren die n\u00f6tige Ruhe und Sicherheit bietet. So ist alles perfekt geregelt ist, wenn f\u00fcr Sie oder Ihren Auftraggeber die operationelle Phase beginnt.<\/p>","protected":false},"excerpt":{"rendered":"<p>Von der ersten Projektbesprechung bis zur Realisierung: vertrauen Sie auch bei komplexen Begr\u00fcnungsprojekten u. a. in Tierparks, Aquaparks und B\u00fcros auf den Sachverstand und das Engagement von Fachjan. Wir arbeiten mit den besten Spezialisten im Haus und in unserem Netzwerk, damit jedes Projekt reibungslos verl\u00e4uft, bei der Durchf\u00fchrung des Gesamtplans und insbesondere w\u00e4hrend der darauf [&hellip;]<\/p>\n","protected":false},"author":529441,"featured_media":9541,"parent":0,"menu_order":0,"comment_status":"open","ping_status":"closed","template":"page-templates\/template_project_planting.php","meta":{"footnotes":""},"class_list":["post-27","page","type-page","status-publish","has-post-thumbnail","hentry"],"_links":{"self":[{"href":"https:\/\/fachjan.fidev.nl\/DE\/wp-json\/wp\/v2\/pages\/27","targetHints":{"allow":["GET"]}}],"collection":[{"href":"https:\/\/fachjan.fidev.nl\/DE\/wp-json\/wp\/v2\/pages"}],"about":[{"href":"https:\/\/fachjan.fidev.nl\/DE\/wp-json\/wp\/v2\/types\/page"}],"author":[{"embeddable":true,"href":"https:\/\/fachjan.fidev.nl\/DE\/wp-json\/wp\/v2\/users\/529441"}],"replies":[{"embeddable":true,"href":"https:\/\/fachjan.fidev.nl\/DE\/wp-json\/wp\/v2\/comments?post=27"}],"version-history":[{"count":19,"href":"https:\/\/fachjan.fidev.nl\/DE\/wp-json\/wp\/v2\/pages\/27\/revisions"}],"predecessor-version":[{"id":4457,"href":"https:\/\/fachjan.fidev.nl\/DE\/wp-json\/wp\/v2\/pages\/27\/revisions\/4457"}],"wp:featuredmedia":[{"embeddable":true,"href":"https:\/\/fachjan.fidev.nl\/DE\/wp-json\/wp\/v2\/media\/9541"}],"wp:attachment":[{"href":"https:\/\/fachjan.fidev.nl\/DE\/wp-json\/wp\/v2\/media?parent=27"}],"curies":[{"name":"wp","href":"https:\/\/api.w.org\/{rel}","templated":true}]}}