{"id":726,"date":"2015-04-13T18:04:30","date_gmt":"2015-04-13T18:04:30","guid":{"rendered":"https:\/\/fachjan.fidev.nl\/fachjan\/?page_id=726"},"modified":"2025-11-06T11:28:58","modified_gmt":"2025-11-06T11:28:58","slug":"innovation","status":"publish","type":"page","link":"https:\/\/fachjan.fidev.nl\/DE\/innovation\/","title":{"rendered":"Haltbarkeit; 5 Jahren zu 100% CO2 Neutral"},"content":{"rendered":"<p><\/p>\n<p style=\"text-align: center;\"><strong>Fachjan\u00a0investiert in Innovation und ist seit 5 Jahren zu 100% CO2-neutral.<\/strong><\/p>\n<p style=\"text-align: center;\">Beheizung der Gew\u00e4chsh\u00e4user durch Erdw\u00e4rme und Sonnenkollektoren auf dem Dach f\u00fcr Strom.<\/p>\n<p style=\"text-align: center;\">Hypermoderne Bew\u00e4sserungssysteme, die von nur einer Person kostensparend per Tablet oder Smartphone bedient werden k\u00f6nnen.<\/p>\n<p style=\"text-align: center;\">Und&#8230; nat\u00fcrlich unsere eigene nachhaltige Betriebsf\u00fchrung, wenn es um Pflanzenschutz, D\u00fcngung und Energieverbrauch geht.<\/p>\n<p><\/p>","protected":false},"excerpt":{"rendered":"<p>Fachjan\u00a0investiert in Innovation und ist seit 5 Jahren zu 100% CO2-neutral. Beheizung der Gew\u00e4chsh\u00e4user durch Erdw\u00e4rme und Sonnenkollektoren auf dem Dach f\u00fcr Strom. Hypermoderne Bew\u00e4sserungssysteme, die von nur einer Person kostensparend per Tablet oder Smartphone bedient werden k\u00f6nnen. Und&#8230; nat\u00fcrlich unsere eigene nachhaltige Betriebsf\u00fchrung, wenn es um Pflanzenschutz, D\u00fcngung und Energieverbrauch geht.<\/p>\n","protected":false},"author":529441,"featured_media":7693,"parent":0,"menu_order":0,"comment_status":"open","ping_status":"closed","template":"page-templates\/template_innovation.php","meta":{"footnotes":""},"class_list":["post-726","page","type-page","status-publish","has-post-thumbnail","hentry"],"_links":{"self":[{"href":"https:\/\/fachjan.fidev.nl\/DE\/wp-json\/wp\/v2\/pages\/726","targetHints":{"allow":["GET"]}}],"collection":[{"href":"https:\/\/fachjan.fidev.nl\/DE\/wp-json\/wp\/v2\/pages"}],"about":[{"href":"https:\/\/fachjan.fidev.nl\/DE\/wp-json\/wp\/v2\/types\/page"}],"author":[{"embeddable":true,"href":"https:\/\/fachjan.fidev.nl\/DE\/wp-json\/wp\/v2\/users\/529441"}],"replies":[{"embeddable":true,"href":"https:\/\/fachjan.fidev.nl\/DE\/wp-json\/wp\/v2\/comments?post=726"}],"version-history":[{"count":73,"href":"https:\/\/fachjan.fidev.nl\/DE\/wp-json\/wp\/v2\/pages\/726\/revisions"}],"predecessor-version":[{"id":11329,"href":"https:\/\/fachjan.fidev.nl\/DE\/wp-json\/wp\/v2\/pages\/726\/revisions\/11329"}],"wp:featuredmedia":[{"embeddable":true,"href":"https:\/\/fachjan.fidev.nl\/DE\/wp-json\/wp\/v2\/media\/7693"}],"wp:attachment":[{"href":"https:\/\/fachjan.fidev.nl\/DE\/wp-json\/wp\/v2\/media?parent=726"}],"curies":[{"name":"wp","href":"https:\/\/api.w.org\/{rel}","templated":true}]}}