{"id":23,"date":"2015-01-13T15:41:38","date_gmt":"2015-01-13T15:41:38","guid":{"rendered":"https:\/\/fachjan.fidev.nl\/fachjan\/?page_id=23"},"modified":"2025-11-06T11:27:34","modified_gmt":"2025-11-06T11:27:34","slug":"day-trade","status":"publish","type":"page","link":"https:\/\/fachjan.fidev.nl\/FR\/day-trade\/","title":{"rendered":"Day trade"},"content":{"rendered":"<p>Un important stock de grandes plantes dont vous pouvez commander autant d&#8217;exemplaires que vous souhaitez. M\u00eame \u00e0 l&#8217;unit\u00e9. Gr\u00e2ce au large \u00e9ventail que nous proposons, vous trouvez chez Fachjan directement tout ce que vous cherchez. Un fournisseur unique et une commande livr\u00e9e \u00e0 temps, c&#8217;est ce dont vous avez besoin, et les frais de transport sont ainsi minimalis\u00e9s. Exportateurs, jardineries, magasins de bricolage et autres revendeurs entrent leurs commandes par internet sur <a href=\"http:\/\/www.floraxchange.nl\" target=\"_blank\" rel=\"noopener noreferrer\">Floraxchange<\/a> et <a href=\"http:\/\/www.plantconnect.nl\" target=\"_blank\" rel=\"noopener noreferrer\">Plantconnect<\/a>\u00a0ou t\u00e9l\u00e9phonent \u00e0 notre service Day Trade. Command\u00e9 avant 11h30, c&#8217;est en route \u00e0 12h00. Il est bien s\u00fbr possible de venir chercher votre commande ou de la faire livrer par votre propre transporteur.<\/p>","protected":false},"excerpt":{"rendered":"<p>Un important stock de grandes plantes dont vous pouvez commander autant d&#8217;exemplaires que vous souhaitez. M\u00eame \u00e0 l&#8217;unit\u00e9. Gr\u00e2ce au large \u00e9ventail que nous proposons, vous trouvez chez Fachjan directement tout ce que vous cherchez. Un fournisseur unique et une commande livr\u00e9e \u00e0 temps, c&#8217;est ce dont vous avez besoin, et les frais de transport [&hellip;]<\/p>\n","protected":false},"author":529441,"featured_media":9547,"parent":0,"menu_order":0,"comment_status":"open","ping_status":"closed","template":"page-templates\/template_day_trade.php","meta":{"footnotes":""},"class_list":["post-23","page","type-page","status-publish","has-post-thumbnail","hentry"],"_links":{"self":[{"href":"https:\/\/fachjan.fidev.nl\/FR\/wp-json\/wp\/v2\/pages\/23","targetHints":{"allow":["GET"]}}],"collection":[{"href":"https:\/\/fachjan.fidev.nl\/FR\/wp-json\/wp\/v2\/pages"}],"about":[{"href":"https:\/\/fachjan.fidev.nl\/FR\/wp-json\/wp\/v2\/types\/page"}],"author":[{"embeddable":true,"href":"https:\/\/fachjan.fidev.nl\/FR\/wp-json\/wp\/v2\/users\/529441"}],"replies":[{"embeddable":true,"href":"https:\/\/fachjan.fidev.nl\/FR\/wp-json\/wp\/v2\/comments?post=23"}],"version-history":[{"count":17,"href":"https:\/\/fachjan.fidev.nl\/FR\/wp-json\/wp\/v2\/pages\/23\/revisions"}],"predecessor-version":[{"id":8801,"href":"https:\/\/fachjan.fidev.nl\/FR\/wp-json\/wp\/v2\/pages\/23\/revisions\/8801"}],"wp:featuredmedia":[{"embeddable":true,"href":"https:\/\/fachjan.fidev.nl\/FR\/wp-json\/wp\/v2\/media\/9547"}],"wp:attachment":[{"href":"https:\/\/fachjan.fidev.nl\/FR\/wp-json\/wp\/v2\/media?parent=23"}],"curies":[{"name":"wp","href":"https:\/\/api.w.org\/{rel}","templated":true}]}}