{"id":25,"date":"2015-01-13T15:42:18","date_gmt":"2015-01-13T15:42:18","guid":{"rendered":"https:\/\/fachjan.fidev.nl\/fachjan\/?page_id=25"},"modified":"2025-11-06T11:29:49","modified_gmt":"2025-11-06T11:29:49","slug":"interior-planting","status":"publish","type":"page","link":"https:\/\/fachjan.fidev.nl\/FR\/interior-planting\/","title":{"rendered":"D\u00c9CORATION V\u00c9G\u00c9TALE D&#8217;INT\u00c9RIEUR"},"content":{"rendered":"<p>Vos clients attendent de vous un produit complet. C&#8217;est pour cela que nous vous proposons un programme complet de plantes, pots et accessoires tels que substrat et indicateurs de niveau d&#8217;eau, et m\u00eame un service de mise en jauge. Comme nous livrons des plantes dans des syst\u00e8mes de substrat, nos cr\u00e9ations sont \u00e0 des prix tr\u00e8s int\u00e9ressants et offrent une grande flexibilit\u00e9 dans le soin aux plantes. De plus, nous vous invitons \u00e0 venir avec votre client chez Fachjan o\u00f9 l&#8217;un de nos sp\u00e9cialistes pourra vous aider, si vous le souhaitez, dans le choix de vos plantes. Vous n&#8217;avez donc pas besoin de constituer des stocks et pouvez ainsi g\u00e9rer vos liquidit\u00e9s de fa\u00e7on optimale. Par ailleurs, nous faisons en sorte que la logistique soit aussi bien r\u00e9gl\u00e9e que quand vous livrez la commande vous-m\u00eames. Si vous le souhaitez, nous livrons les plantations avec les bacs correspondants, ou m\u00eame des compositions v\u00e9g\u00e9tales compl\u00e8tes. Un atout important qui peut vous permettre d&#8217;augmenter votre chiffre d&#8217;affaire et votre marge b\u00e9n\u00e9ficiaire.<\/p>","protected":false},"excerpt":{"rendered":"<p>Vos clients attendent de vous un produit complet. C&#8217;est pour cela que nous vous proposons un programme complet de plantes, pots et accessoires tels que substrat et indicateurs de niveau d&#8217;eau, et m\u00eame un service de mise en jauge. Comme nous livrons des plantes dans des syst\u00e8mes de substrat, nos cr\u00e9ations sont \u00e0 des prix [&hellip;]<\/p>\n","protected":false},"author":529441,"featured_media":9545,"parent":0,"menu_order":0,"comment_status":"open","ping_status":"closed","template":"page-templates\/template_itr_planing.php","meta":{"footnotes":""},"class_list":["post-25","page","type-page","status-publish","has-post-thumbnail","hentry"],"_links":{"self":[{"href":"https:\/\/fachjan.fidev.nl\/FR\/wp-json\/wp\/v2\/pages\/25","targetHints":{"allow":["GET"]}}],"collection":[{"href":"https:\/\/fachjan.fidev.nl\/FR\/wp-json\/wp\/v2\/pages"}],"about":[{"href":"https:\/\/fachjan.fidev.nl\/FR\/wp-json\/wp\/v2\/types\/page"}],"author":[{"embeddable":true,"href":"https:\/\/fachjan.fidev.nl\/FR\/wp-json\/wp\/v2\/users\/529441"}],"replies":[{"embeddable":true,"href":"https:\/\/fachjan.fidev.nl\/FR\/wp-json\/wp\/v2\/comments?post=25"}],"version-history":[{"count":13,"href":"https:\/\/fachjan.fidev.nl\/FR\/wp-json\/wp\/v2\/pages\/25\/revisions"}],"predecessor-version":[{"id":5325,"href":"https:\/\/fachjan.fidev.nl\/FR\/wp-json\/wp\/v2\/pages\/25\/revisions\/5325"}],"wp:featuredmedia":[{"embeddable":true,"href":"https:\/\/fachjan.fidev.nl\/FR\/wp-json\/wp\/v2\/media\/9545"}],"wp:attachment":[{"href":"https:\/\/fachjan.fidev.nl\/FR\/wp-json\/wp\/v2\/media?parent=25"}],"curies":[{"name":"wp","href":"https:\/\/api.w.org\/{rel}","templated":true}]}}