{"id":27,"date":"2015-01-13T15:42:49","date_gmt":"2015-01-13T15:42:49","guid":{"rendered":"https:\/\/fachjan.fidev.nl\/fachjan\/?page_id=27"},"modified":"2025-11-06T11:32:27","modified_gmt":"2025-11-06T11:32:27","slug":"project-planting","status":"publish","type":"page","link":"https:\/\/fachjan.fidev.nl\/FR\/project-planting\/","title":{"rendered":"Projets de paysage"},"content":{"rendered":"<p>Des premiers entretiens sur le projet jusqu&#8217;\u00e0 la plantation, vous pouvez faire confiance \u00e0 l&#8217;expertise et \u00e0 l&#8217;engagement de Fachjan, m\u00eame pour les projets de plantations complexes dans par exemple les zoos, les parcs aquatiques ou les bureaux. Nous disposons des meilleurs sp\u00e9cialistes, autant en interne que dans notre r\u00e9seau, afin que votre projet se concr\u00e9tise au mieux, lors de sa r\u00e9alisation bien s\u00fbr, mais surtout au cours des ann\u00e9es qui suivront. Ceci part d&#8217;une volont\u00e9 d&#8217;harmoniser de fa\u00e7on optimale toutes les parties concern\u00e9es, d&#8217;apporter des conseils, sur demande ou spontan\u00e9ment, et de ne pas perdre de vue les imp\u00e9ratifs des plantes tels qu&#8217;\u00e9clairage et arrosage. Nous planifions le projet de fa\u00e7on transparente ; en effet, la mise en route souvent longue (un \u00e0 deux ans) doit \u00eatre fiable pour que tout soit parfaitement r\u00e9gl\u00e9 quand vous, ou votre client, entamerez la phase op\u00e9rationnelle.<\/p>","protected":false},"excerpt":{"rendered":"<p>Des premiers entretiens sur le projet jusqu&#8217;\u00e0 la plantation, vous pouvez faire confiance \u00e0 l&#8217;expertise et \u00e0 l&#8217;engagement de Fachjan, m\u00eame pour les projets de plantations complexes dans par exemple les zoos, les parcs aquatiques ou les bureaux. Nous disposons des meilleurs sp\u00e9cialistes, autant en interne que dans notre r\u00e9seau, afin que votre projet se [&hellip;]<\/p>\n","protected":false},"author":529441,"featured_media":9541,"parent":0,"menu_order":0,"comment_status":"open","ping_status":"closed","template":"page-templates\/template_project_planting.php","meta":{"footnotes":""},"class_list":["post-27","page","type-page","status-publish","has-post-thumbnail","hentry"],"_links":{"self":[{"href":"https:\/\/fachjan.fidev.nl\/FR\/wp-json\/wp\/v2\/pages\/27","targetHints":{"allow":["GET"]}}],"collection":[{"href":"https:\/\/fachjan.fidev.nl\/FR\/wp-json\/wp\/v2\/pages"}],"about":[{"href":"https:\/\/fachjan.fidev.nl\/FR\/wp-json\/wp\/v2\/types\/page"}],"author":[{"embeddable":true,"href":"https:\/\/fachjan.fidev.nl\/FR\/wp-json\/wp\/v2\/users\/529441"}],"replies":[{"embeddable":true,"href":"https:\/\/fachjan.fidev.nl\/FR\/wp-json\/wp\/v2\/comments?post=27"}],"version-history":[{"count":15,"href":"https:\/\/fachjan.fidev.nl\/FR\/wp-json\/wp\/v2\/pages\/27\/revisions"}],"predecessor-version":[{"id":4457,"href":"https:\/\/fachjan.fidev.nl\/FR\/wp-json\/wp\/v2\/pages\/27\/revisions\/4457"}],"wp:featuredmedia":[{"embeddable":true,"href":"https:\/\/fachjan.fidev.nl\/FR\/wp-json\/wp\/v2\/media\/9541"}],"wp:attachment":[{"href":"https:\/\/fachjan.fidev.nl\/FR\/wp-json\/wp\/v2\/media?parent=27"}],"curies":[{"name":"wp","href":"https:\/\/api.w.org\/{rel}","templated":true}]}}