{"id":5,"date":"2015-01-06T16:41:13","date_gmt":"2015-01-06T16:41:13","guid":{"rendered":"https:\/\/fachjan.fidev.nl\/fachjan\/?page_id=5"},"modified":"2025-11-06T11:26:56","modified_gmt":"2025-11-06T11:26:56","slug":"home","status":"publish","type":"page","link":"https:\/\/fachjan.fidev.nl\/FR\/","title":{"rendered":"Home"},"content":{"rendered":"<p><\/p>\n<h1>Qualit\u00e9 haut de gamme pour tout ce que nous proposons<\/h1>\n<p>Ca c&#8217;est Fachjan<\/p>\n<p style=\"display: none;\">Un fournisseur qui r\u00e9pond directement \u00e0 vos besoins avec la solution ad\u00e9quate.<br \/>\nParce que c&#8217;est ce que vous recherchez.<\/p>\n<p><\/p>","protected":false},"excerpt":{"rendered":"<p>Qualit\u00e9 haut de gamme pour tout ce que nous proposons Ca c&#8217;est Fachjan Un fournisseur qui r\u00e9pond directement \u00e0 vos besoins avec la solution ad\u00e9quate. Parce que c&#8217;est ce que vous recherchez.<\/p>\n","protected":false},"author":529441,"featured_media":8809,"parent":0,"menu_order":-1,"comment_status":"open","ping_status":"closed","template":"","meta":{"footnotes":""},"class_list":["post-5","page","type-page","status-publish","has-post-thumbnail","hentry"],"_links":{"self":[{"href":"https:\/\/fachjan.fidev.nl\/FR\/wp-json\/wp\/v2\/pages\/5","targetHints":{"allow":["GET"]}}],"collection":[{"href":"https:\/\/fachjan.fidev.nl\/FR\/wp-json\/wp\/v2\/pages"}],"about":[{"href":"https:\/\/fachjan.fidev.nl\/FR\/wp-json\/wp\/v2\/types\/page"}],"author":[{"embeddable":true,"href":"https:\/\/fachjan.fidev.nl\/FR\/wp-json\/wp\/v2\/users\/529441"}],"replies":[{"embeddable":true,"href":"https:\/\/fachjan.fidev.nl\/FR\/wp-json\/wp\/v2\/comments?post=5"}],"version-history":[{"count":24,"href":"https:\/\/fachjan.fidev.nl\/FR\/wp-json\/wp\/v2\/pages\/5\/revisions"}],"predecessor-version":[{"id":11331,"href":"https:\/\/fachjan.fidev.nl\/FR\/wp-json\/wp\/v2\/pages\/5\/revisions\/11331"}],"wp:featuredmedia":[{"embeddable":true,"href":"https:\/\/fachjan.fidev.nl\/FR\/wp-json\/wp\/v2\/media\/8809"}],"wp:attachment":[{"href":"https:\/\/fachjan.fidev.nl\/FR\/wp-json\/wp\/v2\/media?parent=5"}],"curies":[{"name":"wp","href":"https:\/\/api.w.org\/{rel}","templated":true}]}}