{"id":726,"date":"2015-04-13T18:04:30","date_gmt":"2015-04-13T18:04:30","guid":{"rendered":"https:\/\/fachjan.fidev.nl\/fachjan\/?page_id=726"},"modified":"2025-11-06T11:28:58","modified_gmt":"2025-11-06T11:28:58","slug":"innovation","status":"publish","type":"page","link":"https:\/\/fachjan.fidev.nl\/FR\/innovation\/","title":{"rendered":"Durabilit\u00e9; neutre en CO2 \u00e0 100% depuis 5 ans"},"content":{"rendered":"<p><\/p>\n<p style=\"text-align: center;\"><strong>Fachjan investit sans cesse dans l&#8217;innovation et est neutre en CO2 \u00e0 100% depuis 5 ans.<\/strong><\/p>\n<p style=\"text-align: center;\">Chauffage des serres gr\u00e2ce \u00e0 l&#8217;\u00e9nergie g\u00e9othermique et panneaux solaires sur le toit pour l&#8217;\u00e9lectricit\u00e9.<\/p>\n<p style=\"text-align: center;\">Les syst\u00e8mes d&#8217;irrigation hypermodernes qui se laissent g\u00e9rer par une personne depuis une tablette ou un smartphone, et donc \u00e0 co\u00fbts r\u00e9duits.<\/p>\n<p style=\"text-align: center;\">Et&#8230; bien s\u00fbr, la gestion durable de notre entreprise pour les aspects concernant la protection des cultures, la fertilisation et la consommation d&#8217;\u00e9nergie.<\/p>\n<p><\/p>","protected":false},"excerpt":{"rendered":"<p>Fachjan investit sans cesse dans l&#8217;innovation et est neutre en CO2 \u00e0 100% depuis 5 ans. Chauffage des serres gr\u00e2ce \u00e0 l&#8217;\u00e9nergie g\u00e9othermique et panneaux solaires sur le toit pour l&#8217;\u00e9lectricit\u00e9. Les syst\u00e8mes d&#8217;irrigation hypermodernes qui se laissent g\u00e9rer par une personne depuis une tablette ou un smartphone, et donc \u00e0 co\u00fbts r\u00e9duits. Et&#8230; bien [&hellip;]<\/p>\n","protected":false},"author":529441,"featured_media":7693,"parent":0,"menu_order":0,"comment_status":"open","ping_status":"closed","template":"page-templates\/template_innovation.php","meta":{"footnotes":""},"class_list":["post-726","page","type-page","status-publish","has-post-thumbnail","hentry"],"_links":{"self":[{"href":"https:\/\/fachjan.fidev.nl\/FR\/wp-json\/wp\/v2\/pages\/726","targetHints":{"allow":["GET"]}}],"collection":[{"href":"https:\/\/fachjan.fidev.nl\/FR\/wp-json\/wp\/v2\/pages"}],"about":[{"href":"https:\/\/fachjan.fidev.nl\/FR\/wp-json\/wp\/v2\/types\/page"}],"author":[{"embeddable":true,"href":"https:\/\/fachjan.fidev.nl\/FR\/wp-json\/wp\/v2\/users\/529441"}],"replies":[{"embeddable":true,"href":"https:\/\/fachjan.fidev.nl\/FR\/wp-json\/wp\/v2\/comments?post=726"}],"version-history":[{"count":64,"href":"https:\/\/fachjan.fidev.nl\/FR\/wp-json\/wp\/v2\/pages\/726\/revisions"}],"predecessor-version":[{"id":11329,"href":"https:\/\/fachjan.fidev.nl\/FR\/wp-json\/wp\/v2\/pages\/726\/revisions\/11329"}],"wp:featuredmedia":[{"embeddable":true,"href":"https:\/\/fachjan.fidev.nl\/FR\/wp-json\/wp\/v2\/media\/7693"}],"wp:attachment":[{"href":"https:\/\/fachjan.fidev.nl\/FR\/wp-json\/wp\/v2\/media?parent=726"}],"curies":[{"name":"wp","href":"https:\/\/api.w.org\/{rel}","templated":true}]}}